{"id":6648,"date":"2025-09-09T15:30:45","date_gmt":"2025-09-09T13:30:45","guid":{"rendered":"https:\/\/madfarm.it\/?page_id=6648"},"modified":"2025-09-09T15:30:45","modified_gmt":"2025-09-09T13:30:45","slug":"people-3","status":"publish","type":"page","link":"https:\/\/madfarm.it\/en\/people-3\/","title":{"rendered":"People"},"content":{"rendered":"<p>[et_pb_section fb_built=&#8221;1&#8243; fullwidth=&#8221;on&#8221; admin_label=&#8221;Hero&#8221; module_id=&#8221;hero&#8221; _builder_version=&#8221;4.21.0&#8243; _module_preset=&#8221;default&#8221; background_color=&#8221;#1c1d20&#8243; background_enable_image=&#8221;off&#8221; overflow-x=&#8221;hidden&#8221; overflow-y=&#8221;hidden&#8221; custom_margin=&#8221;||||false|false&#8221; global_colors_info=&#8221;{}&#8221;][et_pb_fullwidth_header title=&#8221;Cerchiamo persone di talento, pronte a mettersi in gioco con determinazione.&#8221; subhead=&#8221;@ET-DC@eyJkeW5hbWljIjp0cnVlLCJjb250ZW50IjoicG9zdF90aXRsZSIsInNldHRpbmdzIjp7ImJlZm9yZSI6IiIsImFmdGVyIjoiIn19@&#8221; disabled_on=&#8221;off|off|off&#8221; _builder_version=&#8221;4.21.0&#8243; _dynamic_attributes=&#8221;subhead&#8221; _module_preset=&#8221;default&#8221; content_text_color=&#8221;rgba(255,255,255,0.7)&#8221; background_enable_image=&#8221;off&#8221; custom_button_one=&#8221;on&#8221; button_one_border_width=&#8221;0px&#8221; button_one_border_color=&#8221;RGBA(255,255,255,0)&#8221; button_one_border_radius=&#8221;50px&#8221; button_one_font=&#8221;||||||||&#8221; button_one_icon=&#8221;&#x35;||divi||400&#8243; button_one_on_hover=&#8221;off&#8221; button_one_custom_margin=&#8221;25px||25px||false|false&#8221; button_one_custom_padding=&#8221;0px|0px|0px|0px|false|false&#8221; hover_transition_duration=&#8221;500ms&#8221; sticky_limit_bottom=&#8221;section&#8221; global_colors_info=&#8221;{}&#8221; background__sticky_enabled=&#8221;off|desktop&#8221; background_color__sticky=&#8221;#FFFFFF&#8221; background_enable_color__sticky=&#8221;on&#8221; background_layout__sticky_enabled=&#8221;on|sticky&#8221; background_layout__sticky=&#8221;light&#8221; button_one_text_color__hover_enabled=&#8221;on|hover&#8221; button_one_bg_color__hover_enabled=&#8221;on|hover&#8221; button_one_text_color__hover=&#8221;rgba(255,255,255,0.75)&#8221; title_text_color__sticky_enabled=&#8221;on|desktop&#8221; title_line_height__sticky_enabled=&#8221;off|desktop&#8221;]<\/p>\n<p>Scopri le posizioni aperte e invia la tua candidatura.<\/p>\n<p>[\/et_pb_fullwidth_header][et_pb_fullwidth_image src=&#8221;https:\/\/madfarm.it\/wp-content\/uploads\/2023\/07\/R6__4880_resized.jpg&#8221; title_text=&#8221;R6__4880_resized&#8221; disabled_on=&#8221;on|on|on&#8221; _builder_version=&#8221;4.21.0&#8243; _module_preset=&#8221;default&#8221; disabled=&#8221;on&#8221; global_colors_info=&#8221;{}&#8221;][\/et_pb_fullwidth_image][\/et_pb_section][et_pb_section fb_built=&#8221;1&#8243; disabled_on=&#8221;off|off|off&#8221; admin_label=&#8221;Image SX + Text DX&#8221; _builder_version=&#8221;4.21.0&#8243; _module_preset=&#8221;default&#8221; custom_margin=&#8221;||||false|false&#8221; hover_enabled=&#8221;0&#8243; global_colors_info=&#8221;{}&#8221; sticky_enabled=&#8221;0&#8243;][et_pb_row column_structure=&#8221;3_5,2_5&#8243; make_equal=&#8221;on&#8221; module_class=&#8221;same-height-box&#8221; _builder_version=&#8221;4.17.3&#8243; _module_preset=&#8221;default&#8221; global_colors_info=&#8221;{}&#8221;][et_pb_column type=&#8221;3_5&#8243; _builder_version=&#8221;4.17.3&#8243; _module_preset=&#8221;default&#8221; global_colors_info=&#8221;{}&#8221;][et_pb_image src=&#8221;https:\/\/madfarm.it\/wp-content\/uploads\/2024\/10\/R6__3149.jpg&#8221; title_text=&#8221;R6__4953_resided&#8221; admin_label=&#8221;Immagine&#8221; _builder_version=&#8221;4.21.0&#8243; _module_preset=&#8221;b8bfd3f7-ac03-4db2-8ef9-185a3208ca67&#8243; global_colors_info=&#8221;{}&#8221;][\/et_pb_image][\/et_pb_column][et_pb_column type=&#8221;2_5&#8243; module_class=&#8221;same-height-box&#8221; _builder_version=&#8221;4.17.3&#8243; _module_preset=&#8221;default&#8221; global_colors_info=&#8221;{}&#8221;][et_pb_text _builder_version=&#8221;4.21.0&#8243; _module_preset=&#8221;default&#8221; text_text_color=&#8221;rgba(255,255,255,0.75)&#8221; background_layout=&#8221;dark&#8221; global_colors_info=&#8221;{}&#8221;]<\/p>\n<h2>L\u2019esperienza \u00e8 importante, ma non \u00e8 tutto.<\/h2>\n<p>[\/et_pb_text][et_pb_text _builder_version=&#8221;4.21.0&#8243; _module_preset=&#8221;default&#8221; text_text_color=&#8221;rgba(255,255,255,0.75)&#8221; background_layout=&#8221;dark&#8221; global_colors_info=&#8221;{}&#8221;]<\/p>\n<p>In Madfarm, riconosciamo il valore dell&#8217;esperienza, ma siamo altrettanto attenti a ci\u00f2 che rende unico ciascun individuo: la curiosit\u00e0, la voglia di imparare e la capacit\u00e0 di affrontare nuove sfide.<\/p>\n<p>Che tu sia un professionista con anni di esperienza o se solo all&#8217;inizio del tuo percorso professionale ci\u00f2 che interessa davvero \u00e8 come affronti le sfide, le tue capacit\u00e0, la tua determinazione, la tua voglia di crescere insieme a noi.<\/p>\n<p>[\/et_pb_text][\/et_pb_column][\/et_pb_row][\/et_pb_section][et_pb_section fb_built=&#8221;1&#8243; admin_label=&#8221;Text DX + Image SX&#8221; module_class=&#8221;same-height-box&#8221; _builder_version=&#8221;4.21.0&#8243; _module_preset=&#8221;default&#8221; custom_margin=&#8221;||||false|false&#8221; hover_enabled=&#8221;0&#8243; global_colors_info=&#8221;{}&#8221; sticky_enabled=&#8221;0&#8243;][et_pb_row column_structure=&#8221;2_5,3_5&#8243; make_equal=&#8221;on&#8221; _builder_version=&#8221;4.17.3&#8243; _module_preset=&#8221;default&#8221; global_colors_info=&#8221;{}&#8221;][et_pb_column type=&#8221;2_5&#8243; module_class=&#8221;same-height-box&#8221; _builder_version=&#8221;4.17.3&#8243; _module_preset=&#8221;default&#8221; global_colors_info=&#8221;{}&#8221;][et_pb_text _builder_version=&#8221;4.21.0&#8243; _module_preset=&#8221;default&#8221; text_text_color=&#8221;rgba(255,255,255,0.75)&#8221; background_layout=&#8221;dark&#8221; global_colors_info=&#8221;{}&#8221;]<\/p>\n<p>Per i giovani talenti, il percorso inizia con una fase di formazione che offre risorse e strumenti per favorire la crescita.<\/p>\n<p>Ogni nuovo membro \u00e8 affiancato da un tutor, sempre disponibile a rispondere a dubbi e a condividere conoscenze utili per lo sviluppo delle competenze.<\/p>\n<p>Al termine della formazione, i nuovi membri saranno introdotti su progetti concreti sotto la supervisione di un responsabile, permettendo loro di applicare sin da subito ci\u00f2 che hanno appreso.<\/p>\n<p>[\/et_pb_text][et_pb_text _builder_version=&#8221;4.21.0&#8243; _module_preset=&#8221;default&#8221; text_text_color=&#8221;rgba(255,255,255,0.75)&#8221; background_layout=&#8221;dark&#8221; global_colors_info=&#8221;{}&#8221;]<\/p>\n<p>Scopri i nostri valori visitando la sezione <a class=\"mdf-link\" href=\"\/people\/\" rel=\"noopener\">People<\/a> del nostro sito.<\/p>\n<p>[\/et_pb_text][\/et_pb_column][et_pb_column type=&#8221;3_5&#8243; module_class=&#8221;same-height-box&#8221; _builder_version=&#8221;4.17.3&#8243; _module_preset=&#8221;default&#8221; global_colors_info=&#8221;{}&#8221;][et_pb_image src=&#8221;https:\/\/madfarm.it\/wp-content\/uploads\/2024\/10\/R6M26096.jpg&#8221; title_text=&#8221;R6__4909_resized&#8221; _builder_version=&#8221;4.21.0&#8243; _module_preset=&#8221;b8bfd3f7-ac03-4db2-8ef9-185a3208ca67&#8243; global_colors_info=&#8221;{}&#8221;][\/et_pb_image][\/et_pb_column][\/et_pb_row][\/et_pb_section][et_pb_section fb_built=&#8221;1&#8243; specialty=&#8221;on&#8221; disabled_on=&#8221;off|off|off&#8221; admin_label=&#8221;Entra in Madfarm&#8221; module_id=&#8221;#join-madfarm&#8221; _builder_version=&#8221;4.21.0&#8243; _module_preset=&#8221;default&#8221; global_colors_info=&#8221;{}&#8221;][et_pb_column type=&#8221;1_3&#8243; _builder_version=&#8221;4.16&#8243; custom_padding=&#8221;|||&#8221; global_colors_info=&#8221;{}&#8221; custom_padding__hover=&#8221;|||&#8221;][et_pb_text _builder_version=&#8221;4.17.3&#8243; _module_preset=&#8221;default&#8221; background_layout=&#8221;dark&#8221; global_colors_info=&#8221;{}&#8221;]<\/p>\n<h2>Join Madfarm<\/h2>\n<p>[\/et_pb_text][\/et_pb_column][et_pb_column type=&#8221;2_3&#8243; specialty_columns=&#8221;2&#8243; _builder_version=&#8221;4.16&#8243; custom_padding=&#8221;|||&#8221; global_colors_info=&#8221;{}&#8221; custom_padding__hover=&#8221;|||&#8221;][et_pb_row_inner disabled_on=&#8221;off|off|off&#8221; _builder_version=&#8221;4.21.0&#8243; _module_preset=&#8221;default&#8221; global_colors_info=&#8221;{}&#8221;][et_pb_column_inner saved_specialty_column_type=&#8221;2_3&#8243; _builder_version=&#8221;4.21.0&#8243; _module_preset=&#8221;default&#8221; global_colors_info=&#8221;{}&#8221;][et_pb_text admin_label=&#8221;Titolo&#8221; _builder_version=&#8221;4.21.0&#8243; _module_preset=&#8221;default&#8221; text_text_color=&#8221;rgba(255,255,255,0.75)&#8221; link_font=&#8221;||||on||||&#8221; link_text_color=&#8221;#FFFFFF&#8221; header_text_color=&#8221;#FFFFFF&#8221; header_2_text_color=&#8221;rgba(255,255,255,0.5)&#8221; header_6_text_color=&#8221;rgba(255,255,255,0.7)&#8221; background_layout=&#8221;dark&#8221; global_colors_info=&#8221;{}&#8221;]<\/p>\n<h3>Pensi di essere la persona giusta e i tuoi valori incontrano i nostri?<\/a><\/h3>\n<p>[\/et_pb_text][et_pb_text disabled_on=&#8221;off|off|off&#8221; _builder_version=&#8221;4.21.0&#8243; _module_preset=&#8221;default&#8221; text_text_color=&#8221;rgba(255,255,255,0.75)&#8221; link_font=&#8221;||||on||||&#8221; link_text_color=&#8221;#FFFFFF&#8221; header_text_color=&#8221;#FFFFFF&#8221; header_2_text_color=&#8221;rgba(255,255,255,0.5)&#8221; header_6_text_color=&#8221;rgba(255,255,255,0.7)&#8221; background_layout=&#8221;dark&#8221; global_colors_info=&#8221;{}&#8221;]<\/p>\n<h6>Dai uno sguardo alle posizioni aperte e invia la tua candidatura alla mail a <a href=\"mailto:jobs@madfarm.it\">jobs@madfarm.it<\/a><\/h6>\n<p>[\/et_pb_text][\/et_pb_column_inner][\/et_pb_row_inner][et_pb_row_inner disabled_on=&#8221;off|off|off&#8221; _builder_version=&#8221;4.21.0&#8243; _module_preset=&#8221;default&#8221; global_colors_info=&#8221;{}&#8221;][et_pb_column_inner saved_specialty_column_type=&#8221;2_3&#8243; _builder_version=&#8221;4.21.0&#8243; _module_preset=&#8221;default&#8221; global_colors_info=&#8221;{}&#8221;][et_pb_text _builder_version=&#8221;4.17.3&#8243; _module_preset=&#8221;default&#8221; text_text_color=&#8221;#FFFFFF&#8221; header_4_text_color=&#8221;#FFFFFF&#8221; header_4_font_size=&#8221;1.5rem&#8221; header_4_line_height=&#8221;1.5em&#8221; global_colors_info=&#8221;{}&#8221;]<\/p>\n<p>Open positions<\/p>\n<p>[\/et_pb_text][et_pb_accordion open_toggle_text_color=&#8221;#FFFFFF&#8221; open_toggle_background_color=&#8221;RGBA(255,255,255,0)&#8221; closed_toggle_text_color=&#8221;rgba(255,255,255,0.75)&#8221; closed_toggle_background_color=&#8221;RGBA(255,255,255,0)&#8221; toggle_icon=&#8221;&#x33;||divi||400&#8243; module_id=&#8221;job-positions&#8221; _builder_version=&#8221;4.21.0&#8243; _module_preset=&#8221;default&#8221; toggle_text_color=&#8221;rgba(255,255,255,0.75)&#8221; toggle_level=&#8221;h4&#8243; toggle_font_size=&#8221;1.5rem&#8221; toggle_line_height=&#8221;1.5em&#8221; closed_toggle_font_size=&#8221;1.5rem&#8221; closed_toggle_line_height=&#8221;1.5em&#8221; body_text_color=&#8221;rgba(255,255,255,0.75)&#8221; border_width_all=&#8221;0px&#8221; border_width_bottom=&#8221;1px&#8221; border_color_bottom=&#8221;rgba(255,255,255,0.25)&#8221; global_colors_info=&#8221;{}&#8221;][et_pb_accordion_item title=&#8221; &#8221; open=&#8221;on&#8221; _builder_version=&#8221;4.17.3&#8243; _module_preset=&#8221;default&#8221; custom_css_main_element=&#8221;display: none;&#8221; global_colors_info=&#8221;{}&#8221;][\/et_pb_accordion_item][et_pb_accordion_item title=&#8221;Frontend developer&#8221; _builder_version=&#8221;4.21.0&#8243; _module_preset=&#8221;default&#8221; body_link_text_color=&#8221;rgba(255,255,255,0.75)&#8221; body_ul_text_color=&#8221;rgba(255,255,255,0.75)&#8221; body_ol_text_color=&#8221;rgba(255,255,255,0.75)&#8221; body_quote_text_color=&#8221;rgba(255,255,255,0.75)&#8221; global_colors_info=&#8221;{}&#8221; open=&#8221;off&#8221;]<\/p>\n<p>Cerchiamo uno sviluppatore front-end dinamico che abbia avuto modo di sviluppare una buona conoscenza nelle seguenti tecnologie, specializzandosi su una o pi\u00f9 delle seguenti:<\/p>\n<p>Requisiti minimi<\/p>\n<ul>\n<li>Html5, Css3<\/li>\n<li>Javascript<\/li>\n<\/ul>\n<p>Preferenziali<\/p>\n<ul>\n<li>React<\/li>\n<li>React Native<\/li>\n<li>Redux<\/li>\n<li>Typescript<\/li>\n<li>Conoscenza di Git<\/li>\n<\/ul>\n<p>Nello specifico sarai un punto di riferimento per l&#8217;azienda e ti occuperai della traduzione di wireframe o template Figma \/ Adobe XD in codice di qualit\u00e0. Parteciperai attivamente ai brainstorming di progettazione, offrendo il tuo contributo per realizzare soluzioni tecnologiche all&#8217;avanguardia in tutte le diverse fasi d&#8217;implementazione del progetto.<\/p>\n<p><a class=\"mdf-link\" href=\"mailto:jobs@madfarm.it?subject=Madfarm | Candidatura per la posizione di Frontend Developer\">Invia la tua candidatura<\/a>[\/et_pb_accordion_item][et_pb_accordion_item title=&#8221;Backend developer&#8221; _builder_version=&#8221;4.21.0&#8243; _module_preset=&#8221;default&#8221; body_link_text_color=&#8221;rgba(255,255,255,0.75)&#8221; body_ul_text_color=&#8221;rgba(255,255,255,0.75)&#8221; body_ol_text_color=&#8221;rgba(255,255,255,0.75)&#8221; body_quote_text_color=&#8221;rgba(255,255,255,0.75)&#8221; global_colors_info=&#8221;{}&#8221; open=&#8221;off&#8221;]<\/p>\n<p>Cerchiamo uno sviluppatore backend dinamico che si unisca al nostro team.<br \/>Per poter fare al caso nostro occorre avere una conoscenza dimostrabile o esperienza pratica con una o pi\u00f9 delle seguenti tecnologie\/linguaggi\/framework:<\/p>\n<p>Requisiti<\/p>\n<ul>\n<li>Linux<\/li>\n<li>Nginx<\/li>\n<li>Java Spring o Quarkus<\/li>\n<li>Golang<\/li>\n<li>MySQL<\/li>\n<li>MongoDB<\/li>\n<li>Docker<\/li>\n<li>Kubernetes<\/li>\n<li>Gitlab CI\/CD<\/li>\n<\/ul>\n<p>Cerchiamo un buon mix di competenze tecniche e relazionali. Apprezziamo l&#8217;attenzione ai dettagli, ma anche il pragmatismo. Ci aspettiamo che tu sia appassionato, pronto a ricevere e dare feedback e abituato all&#8217;apprendimento continuo. Vogliamo che tu sia parte attiva al miglioramento del nostro prodotto, dall&#8217;identificazione delle esigenze alla progettazione, pianificazione e implementazione.<\/p>\n<p><a class=\"mdf-link\" href=\"mailto:jobs@madfarm.it?subject=Madfarm | Candidatura per la posizione di Backend Developer\">Invia la tua candidatura<\/a>[\/et_pb_accordion_item][\/et_pb_accordion][\/et_pb_column_inner][\/et_pb_row_inner][\/et_pb_column][\/et_pb_section]<\/p>\n","protected":false},"excerpt":{"rendered":"<p>Scopri le posizioni aperte e invia la tua candidatura.L\u2019esperienza \u00e8 importante, ma non \u00e8 tutto.In Madfarm, riconosciamo il valore dell&#8217;esperienza, ma siamo altrettanto attenti a ci\u00f2 che rende unico ciascun individuo: la curiosit\u00e0, la voglia di imparare e la capacit\u00e0 di affrontare nuove sfide. Che tu sia un professionista con anni di esperienza o se [&hellip;]<\/p>\n","protected":false},"author":1,"featured_media":0,"parent":0,"menu_order":0,"comment_status":"closed","ping_status":"closed","template":"","meta":{"_et_pb_use_builder":"on","_et_pb_old_content":"","_et_gb_content_width":"","inline_featured_image":false,"footnotes":""},"class_list":["post-6648","page","type-page","status-publish","hentry"],"yoast_head":"<!-- This site is optimized with the Yoast SEO plugin v21.0 - https:\/\/yoast.com\/wordpress\/plugins\/seo\/ -->\n<title>People | Madfarm<\/title>\n<meta name=\"robots\" content=\"index, follow, max-snippet:-1, max-image-preview:large, max-video-preview:-1\" \/>\n<link rel=\"canonical\" href=\"https:\/\/madfarm.it\/en\/people-3\/\" \/>\n<meta property=\"og:locale\" content=\"en_US\" \/>\n<meta property=\"og:type\" content=\"article\" \/>\n<meta property=\"og:title\" content=\"People | Madfarm\" \/>\n<meta property=\"og:description\" content=\"Scopri le posizioni aperte e invia la tua candidatura.L\u2019esperienza \u00e8 importante, ma non \u00e8 tutto.In Madfarm, riconosciamo il valore dell&#039;esperienza, ma siamo altrettanto attenti a ci\u00f2 che rende unico ciascun individuo: la curiosit\u00e0, la voglia di imparare e la capacit\u00e0 di affrontare nuove sfide. Che tu sia un professionista con anni di esperienza o se [&hellip;]\" \/>\n<meta property=\"og:url\" content=\"https:\/\/madfarm.it\/en\/people-3\/\" \/>\n<meta property=\"og:site_name\" content=\"Madfarm\" \/>\n<meta property=\"article:publisher\" content=\"https:\/\/www.facebook.com\/madfarmstudio\" \/>\n<meta name=\"twitter:card\" content=\"summary_large_image\" \/>\n<meta name=\"twitter:label1\" content=\"Est. reading time\" \/>\n\t<meta name=\"twitter:data1\" content=\"5 minutes\" \/>\n<script type=\"application\/ld+json\" class=\"yoast-schema-graph\">{\"@context\":\"https:\/\/schema.org\",\"@graph\":[{\"@type\":\"WebPage\",\"@id\":\"https:\/\/madfarm.it\/en\/people-3\/\",\"url\":\"https:\/\/madfarm.it\/en\/people-3\/\",\"name\":\"People | Madfarm\",\"isPartOf\":{\"@id\":\"https:\/\/madfarm.it\/en\/#website\"},\"datePublished\":\"2025-09-09T13:30:45+00:00\",\"dateModified\":\"2025-09-09T13:30:45+00:00\",\"breadcrumb\":{\"@id\":\"https:\/\/madfarm.it\/en\/people-3\/#breadcrumb\"},\"inLanguage\":\"en-US\",\"potentialAction\":[{\"@type\":\"ReadAction\",\"target\":[\"https:\/\/madfarm.it\/en\/people-3\/\"]}]},{\"@type\":\"BreadcrumbList\",\"@id\":\"https:\/\/madfarm.it\/en\/people-3\/#breadcrumb\",\"itemListElement\":[{\"@type\":\"ListItem\",\"position\":1,\"name\":\"Home\",\"item\":\"https:\/\/madfarm.it\/en\/\"},{\"@type\":\"ListItem\",\"position\":2,\"name\":\"People\"}]},{\"@type\":\"WebSite\",\"@id\":\"https:\/\/madfarm.it\/en\/#website\",\"url\":\"https:\/\/madfarm.it\/en\/\",\"name\":\"Madfarm\",\"description\":\"Piattaforme web e app mobile per aziende e startup\",\"publisher\":{\"@id\":\"https:\/\/madfarm.it\/en\/#organization\"},\"alternateName\":\"Madfarm\",\"potentialAction\":[{\"@type\":\"SearchAction\",\"target\":{\"@type\":\"EntryPoint\",\"urlTemplate\":\"https:\/\/madfarm.it\/en\/?s={search_term_string}\"},\"query-input\":\"required name=search_term_string\"}],\"inLanguage\":\"en-US\"},{\"@type\":\"Organization\",\"@id\":\"https:\/\/madfarm.it\/en\/#organization\",\"name\":\"Madfarm Srl\",\"url\":\"https:\/\/madfarm.it\/en\/\",\"logo\":{\"@type\":\"ImageObject\",\"inLanguage\":\"en-US\",\"@id\":\"https:\/\/madfarm.it\/en\/#\/schema\/logo\/image\/\",\"url\":\"https:\/\/madfarm.it\/wp-content\/uploads\/2023\/08\/m-logo-black.svg\",\"contentUrl\":\"https:\/\/madfarm.it\/wp-content\/uploads\/2023\/08\/m-logo-black.svg\",\"width\":\"1024\",\"height\":\"1024\",\"caption\":\"Madfarm Srl\"},\"image\":{\"@id\":\"https:\/\/madfarm.it\/en\/#\/schema\/logo\/image\/\"},\"sameAs\":[\"https:\/\/www.facebook.com\/madfarmstudio\",\"https:\/\/www.instagram.com\/madfarmstudio\/\",\"https:\/\/www.linkedin.com\/company\/5272163\"]}]}<\/script>\n<!-- \/ Yoast SEO plugin. -->","yoast_head_json":{"title":"People | Madfarm","robots":{"index":"index","follow":"follow","max-snippet":"max-snippet:-1","max-image-preview":"max-image-preview:large","max-video-preview":"max-video-preview:-1"},"canonical":"https:\/\/madfarm.it\/en\/people-3\/","og_locale":"en_US","og_type":"article","og_title":"People | Madfarm","og_description":"Scopri le posizioni aperte e invia la tua candidatura.L\u2019esperienza \u00e8 importante, ma non \u00e8 tutto.In Madfarm, riconosciamo il valore dell'esperienza, ma siamo altrettanto attenti a ci\u00f2 che rende unico ciascun individuo: la curiosit\u00e0, la voglia di imparare e la capacit\u00e0 di affrontare nuove sfide. Che tu sia un professionista con anni di esperienza o se [&hellip;]","og_url":"https:\/\/madfarm.it\/en\/people-3\/","og_site_name":"Madfarm","article_publisher":"https:\/\/www.facebook.com\/madfarmstudio","twitter_card":"summary_large_image","twitter_misc":{"Est. reading time":"5 minutes"},"schema":{"@context":"https:\/\/schema.org","@graph":[{"@type":"WebPage","@id":"https:\/\/madfarm.it\/en\/people-3\/","url":"https:\/\/madfarm.it\/en\/people-3\/","name":"People | Madfarm","isPartOf":{"@id":"https:\/\/madfarm.it\/en\/#website"},"datePublished":"2025-09-09T13:30:45+00:00","dateModified":"2025-09-09T13:30:45+00:00","breadcrumb":{"@id":"https:\/\/madfarm.it\/en\/people-3\/#breadcrumb"},"inLanguage":"en-US","potentialAction":[{"@type":"ReadAction","target":["https:\/\/madfarm.it\/en\/people-3\/"]}]},{"@type":"BreadcrumbList","@id":"https:\/\/madfarm.it\/en\/people-3\/#breadcrumb","itemListElement":[{"@type":"ListItem","position":1,"name":"Home","item":"https:\/\/madfarm.it\/en\/"},{"@type":"ListItem","position":2,"name":"People"}]},{"@type":"WebSite","@id":"https:\/\/madfarm.it\/en\/#website","url":"https:\/\/madfarm.it\/en\/","name":"Madfarm","description":"Piattaforme web e app mobile per aziende e startup","publisher":{"@id":"https:\/\/madfarm.it\/en\/#organization"},"alternateName":"Madfarm","potentialAction":[{"@type":"SearchAction","target":{"@type":"EntryPoint","urlTemplate":"https:\/\/madfarm.it\/en\/?s={search_term_string}"},"query-input":"required name=search_term_string"}],"inLanguage":"en-US"},{"@type":"Organization","@id":"https:\/\/madfarm.it\/en\/#organization","name":"Madfarm Srl","url":"https:\/\/madfarm.it\/en\/","logo":{"@type":"ImageObject","inLanguage":"en-US","@id":"https:\/\/madfarm.it\/en\/#\/schema\/logo\/image\/","url":"https:\/\/madfarm.it\/wp-content\/uploads\/2023\/08\/m-logo-black.svg","contentUrl":"https:\/\/madfarm.it\/wp-content\/uploads\/2023\/08\/m-logo-black.svg","width":"1024","height":"1024","caption":"Madfarm Srl"},"image":{"@id":"https:\/\/madfarm.it\/en\/#\/schema\/logo\/image\/"},"sameAs":["https:\/\/www.facebook.com\/madfarmstudio","https:\/\/www.instagram.com\/madfarmstudio\/","https:\/\/www.linkedin.com\/company\/5272163"]}]}},"_links":{"self":[{"href":"https:\/\/madfarm.it\/en\/wp-json\/wp\/v2\/pages\/6648","targetHints":{"allow":["GET"]}}],"collection":[{"href":"https:\/\/madfarm.it\/en\/wp-json\/wp\/v2\/pages"}],"about":[{"href":"https:\/\/madfarm.it\/en\/wp-json\/wp\/v2\/types\/page"}],"author":[{"embeddable":true,"href":"https:\/\/madfarm.it\/en\/wp-json\/wp\/v2\/users\/1"}],"replies":[{"embeddable":true,"href":"https:\/\/madfarm.it\/en\/wp-json\/wp\/v2\/comments?post=6648"}],"version-history":[{"count":2,"href":"https:\/\/madfarm.it\/en\/wp-json\/wp\/v2\/pages\/6648\/revisions"}],"predecessor-version":[{"id":6650,"href":"https:\/\/madfarm.it\/en\/wp-json\/wp\/v2\/pages\/6648\/revisions\/6650"}],"wp:attachment":[{"href":"https:\/\/madfarm.it\/en\/wp-json\/wp\/v2\/media?parent=6648"}],"curies":[{"name":"wp","href":"https:\/\/api.w.org\/{rel}","templated":true}]}}